{"id":2533,"date":"2023-08-06T09:58:44","date_gmt":"2023-08-06T07:58:44","guid":{"rendered":"https:\/\/yoanndosseynews.com\/?page_id=2533"},"modified":"2023-08-06T10:08:51","modified_gmt":"2023-08-06T08:08:51","slug":"actualite","status":"publish","type":"page","link":"https:\/\/yoanndosseynews.com\/en\/actualite\/","title":{"rendered":"Latest news"},"content":{"rendered":"<div data-elementor-type=\"wp-page\" data-elementor-id=\"2533\" class=\"elementor elementor-2533\">\n\t\t\t\t\t\t<section class=\"elementor-section elementor-top-section elementor-element elementor-element-dcd45f0 elementor-section-height-min-height elementor-section-boxed elementor-section-height-default elementor-section-items-middle wpr-particle-no wpr-jarallax-no wpr-parallax-no wpr-sticky-section-no\" data-id=\"dcd45f0\" data-element_type=\"section\" data-settings=\"{&quot;background_background&quot;:&quot;gradient&quot;}\">\n\t\t\t\t\t\t<div class=\"elementor-container elementor-column-gap-default\">\n\t\t\t\t\t<div class=\"elementor-column elementor-col-100 elementor-top-column elementor-element elementor-element-acab77b\" data-id=\"acab77b\" data-element_type=\"column\" data-settings=\"{&quot;background_background&quot;:&quot;gradient&quot;}\">\n\t\t\t<div class=\"elementor-widget-wrap elementor-element-populated\">\n\t\t\t\t\t\t<div class=\"elementor-element elementor-element-5cc6901 elementor-widget elementor-widget-wp-widget-rss\" data-id=\"5cc6901\" data-element_type=\"widget\" data-widget_type=\"wp-widget-rss.default\">\n\t\t\t\t<div class=\"elementor-widget-container\">\n\t\t\t\t\t<h5><a class=\"rsswidget rss-widget-feed\" href=\"https:\/\/rmcsport.bfmtv.com\/rss\/football\/\"><img decoding=\"async\" class=\"rss-widget-icon\" style=\"border:0\" width=\"14\" height=\"14\" src=\"https:\/\/yoanndosseynews.com\/wp-includes\/images\/rss.png\" alt=\"RSS\" \/><\/a> <a class=\"rsswidget rss-widget-title\" href=\"https:\/\/rmcsport.bfmtv.com\/football\/\">L&rsquo;Actualit\u00e9 du FOOT<\/a><\/h5><ul><li><a class='rsswidget' href='https:\/\/rmcsport.bfmtv.com\/football\/europa-conference-league\/direct-rayo-vallecano-strasbourg-suivez-en-live-la-demi-finale-aller-de-ligue-conference_LS-202604300372.html'>Rayo Vallecano-Strasbourg: les Strasbourgeois s&#039;inclinent mais restent en vie avant le match retour<\/a> <span class=\"rss-date\">30 April 2026<\/span><div class=\"rssSummary\">Bien dans leur match en premi\u00e8re p\u00e9riode, les Strasbourgeois ont souffert dans le second acte et s&#039;inclinent finalement sur la plus petite des marges face au Rayo Vallecano (1-0). Ils peuvent s&#039;estimer heureux de ce r\u00e9sultat qui leur permet de garder espoir avant la demi-finale retour qui se tiendra au Stade de la Meinau jeudi [&hellip;]<\/div><\/li><li><a class='rsswidget' href='https:\/\/rmcsport.bfmtv.com\/football\/transferts\/mercato-said-remadnia-grand-espoir-de-la-formation-marseillaise-reste-a-l-om_AV-202604300942.html'>Mercato: Sa\u00efd Remadnia, grand espoir de la formation marseillaise, reste \u00e0 l\u2019OM<\/a> <span class=\"rss-date\">30 April 2026<\/span><div class=\"rssSummary\">L\u2019Olympique de Marseille a enregistr\u00e9 la signature, via un contrat de stagiaire, de Sa\u00efd Remadnia, espoir de la formation de la formation phoc\u00e9enne qui \u00e9tait fortement sollicit\u00e9.<\/div><\/li><li><a class='rsswidget' href='https:\/\/rmcsport.bfmtv.com\/football\/europa-conference-league\/strasbourg-rayo-vallecano-quand-aura-lieu-le-match-retour-en-demi-finale-de-ligue-conference_AN-202604300932.html'>Strasbourg-Rayo Vallecano: quand aura lieu le match retour en demi-finale de Ligue Conf\u00e9rence?<\/a> <span class=\"rss-date\">30 April 2026<\/span><div class=\"rssSummary\">Apr\u00e8s la d\u00e9faite 1-0 de Strasbourg en demi-finale aller de Ligue Conf\u00e9rence face au Rayo Vallecano ce jeudi soir \u00e0 Madrid, les deux \u00e9quipes ont rendez-vous dans une semaine, le jeudi 7 mai \u00e0 la Meinau, pour le match retour (coup d\u2019envoi \u00e0 21h). A la clef, une place en finale de C4.<\/div><\/li><li><a class='rsswidget' href='https:\/\/rmcsport.bfmtv.com\/football\/transferts\/direct-mercato-suivez-en-live-toutes-les-infos-et-rumeurs-du-27-avril-2026_LN-202604270238.html'>DIRECT. Mercato: un duel Chelsea-Manchester United pour le poste d&#039;entra\u00eeneur?<\/a> <span class=\"rss-date\">30 April 2026<\/span><div class=\"rssSummary\">Dans la derni\u00e8re ligne droite de la saison 2025-2026 et \u00e0 quelques semaines de la Coupe du monde 2026, les clubs s&#039;activent en coulisses pour pr\u00e9parer le march\u00e9 des transferts estival. Ne manquez rien des informations et rumeurs sur le mercato sur le site et l&#039;appli RMC Sport.<\/div><\/li><li><a class='rsswidget' href='https:\/\/rmcsport.bfmtv.com\/football\/europa-league\/direct-nottingham-forrest-aston-villa-suivez-la-demi-finale-aller-de-la-ligue-europa_LS-202604300829.html'>Nottingham Forest-Aston Villa: le grand favori de la Ligue Europa en grand danger, Villa s&#039;incline lors de la demi-finale aller<\/a> <span class=\"rss-date\">30 April 2026<\/span><div class=\"rssSummary\">La sensation du soir en Ligue Europa. Aston Villa s&#039;incline sur la pelouse de Nottingham Forest (0-1) ce jeudi soir lors de la demi-finale aller et hypoth\u00e8que ses chances de sacre final dans cette comp\u00e9tition o\u00f9 les Villans sont les favoris. Les hommes d&#039;Unai Emery devront tout renverser la semaine prochaine lors du match retour [&hellip;]<\/div><\/li><li><a class='rsswidget' href='https:\/\/rmcsport.bfmtv.com\/football\/ligue-1\/video-rennes-on-vise-l-europe-ce-n-est-pas-nouveau-confirme-haise_VN-202604300924.html'>Rennes : &quot;On vise l&#039;Europe, ce n&#039;est pas nouveau&quot; confirme Haise<\/a> <span class=\"rss-date\">30 April 2026<\/span><div class=\"rssSummary\">Rennes est actuellement 5e au classement de la Ligue 1, \u00e0 un seul petit point de la 3e place occup\u00e9e par Lyon. Alors le match de ce week-end face \u00e0 l&#039;OL a tout d&#039;une rencontre qui pourrait ouvrir la porte de la Ligue des champions aux Bretons. Mais si Franck Haise pr\u00e9f\u00e8re minimiser l&#039;importance de [&hellip;]<\/div><\/li><li><a class='rsswidget' href='https:\/\/rmcsport.bfmtv.com\/football\/ligue-1\/trophees-unfp-djibril-cisse-ne-comprend-pas-l-absence-de-lepaul-qu-il-veut-voir-a-la-coupe-du-monde_AV-202604300912.html'>Troph\u00e9es UNFP: Djibril Ciss\u00e9 ne comprend pas l&#039;absence de Lepaul, qu&#039;il veut voir \u00e0 la Coupe du monde<\/a> <span class=\"rss-date\">30 April 2026<\/span><div class=\"rssSummary\">Pour Djibril Ciss\u00e9, Esteban Lepaul aurait m\u00e9rit\u00e9 de figurer parmi les cinq nomm\u00e9s pour le titre de meilleur joueur de Ligue 1. Fan du Rennais, il aimerait le voir cet \u00e9t\u00e9 \u00e0 la Coupe du monde.<\/div><\/li><li><a class='rsswidget' href='https:\/\/rmcsport.bfmtv.com\/football\/coupe-du-monde\/coupe-du-monde-2026-trump-dit-etre-ok-pour-que-l-iran-joue-aux-etats-unis_AD-202604300897.html'>Coupe du monde 2026: Trump dit \u00eatre &quot;ok&quot; pour que l&#039;Iran joue aux Etats-Unis<\/a> <span class=\"rss-date\">30 April 2026<\/span><div class=\"rssSummary\">Le pr\u00e9sident des Etats-Unis, Donald Trump, a confirm\u00e9 la pr\u00e9sence de l\u2019Iran lors de la Coupe du monde 2026 dont le coup d\u2019envoi sera donn\u00e9 le 11 juin.<\/div><\/li><li><a class='rsswidget' href='https:\/\/rmcsport.bfmtv.com\/football\/ligue-1\/trophees-unfp-lepaul-neves-udol-qui-sont-les-grands-absents-pour-le-titre-de-meilleur-joueur-de-ligue-1_AP-202604300876.html'>Troph\u00e9es UNFP: Lepaul, Neves, Udol... qui sont les grands absents pour le titre de meilleur joueur de Ligue 1?<\/a> <span class=\"rss-date\">30 April 2026<\/span><div class=\"rssSummary\">Si Ousmane Demb\u00e9l\u00e9, Florian Thauvin, Nuno Mendes, Vitinha et Mason Greenwood n&#039;ont pas vol\u00e9 leur place parmi les cinq nomm\u00e9s pour le titre de meilleur joueur de Ligue 1 en 2025-2026, d&#039;autres footballeurs ont brill\u00e9 cette saison dans le championnat de France. Et auraient pu viser au moins une nomination.<\/div><\/li><li><a class='rsswidget' href='https:\/\/rmcsport.bfmtv.com\/football\/ligue-1\/direct-ligue-1-suivez-en-live-la-revelation-des-joueurs-nommes-aux-trophees-unfp_LN-202604300704.html'>Ligue 1: meilleur joueur, meilleur entra\u00eeneur... la liste des nomm\u00e9s aux Troph\u00e9es UNFP<\/a> <span class=\"rss-date\">30 April 2026<\/span><div class=\"rssSummary\">Ce jeudi \u00e9taient d\u00e9voil\u00e9s les noms des nomm\u00e9s (joueurs, gardiens, espoirs, entra\u00eeneurs...) pour les traditionnels troph\u00e9es UNFP de fin de saison en Ligue 1. Retrouvez tous les acteurs du foot fran\u00e7ais qui brigueront une r\u00e9compense le 11 mai prochain lors de la soir\u00e9e des Troph\u00e9es UNFP.<\/div><\/li><\/ul>\t\t\t\t<\/div>\n\t\t\t\t<\/div>\n\t\t\t\t\t<\/div>\n\t\t<\/div>\n\t\t\t\t\t<\/div>\n\t\t<\/section>\n\t\t\t\t<section class=\"elementor-section elementor-top-section elementor-element elementor-element-ac9ee83 elementor-section-boxed elementor-section-height-default elementor-section-height-default wpr-particle-no wpr-jarallax-no wpr-parallax-no wpr-sticky-section-no\" data-id=\"ac9ee83\" data-element_type=\"section\" data-settings=\"{&quot;background_background&quot;:&quot;classic&quot;}\">\n\t\t\t\t\t\t<div class=\"elementor-container elementor-column-gap-default\">\n\t\t\t\t\t<div class=\"elementor-column elementor-col-100 elementor-top-column elementor-element elementor-element-adf57eb\" data-id=\"adf57eb\" data-element_type=\"column\" data-settings=\"{&quot;background_background&quot;:&quot;classic&quot;}\">\n\t\t\t<div class=\"elementor-widget-wrap elementor-element-populated\">\n\t\t\t\t\t<div class=\"elementor-background-overlay\"><\/div>\n\t\t\t\t\t\t<section class=\"elementor-section elementor-inner-section elementor-element elementor-element-d2db07a elementor-section-boxed elementor-section-height-default elementor-section-height-default wpr-particle-no wpr-jarallax-no wpr-parallax-no wpr-sticky-section-no\" data-id=\"d2db07a\" data-element_type=\"section\">\n\t\t\t\t\t\t<div class=\"elementor-container elementor-column-gap-default\">\n\t\t\t\t\t<div class=\"elementor-column elementor-col-100 elementor-inner-column elementor-element elementor-element-455b607\" data-id=\"455b607\" data-element_type=\"column\">\n\t\t\t<div class=\"elementor-widget-wrap elementor-element-populated\">\n\t\t\t\t\t\t<div class=\"elementor-element elementor-element-70d0b7c wpr-mailchimp-layout-hr elementor-widget elementor-widget-wpr-mailchimp\" data-id=\"70d0b7c\" data-element_type=\"widget\" data-widget_type=\"wpr-mailchimp.default\">\n\t\t\t\t<div class=\"elementor-widget-container\">\n\t\t\t\t\t\n\t\t<form class=\"wpr-mailchimp-form\" id=\"wpr-mailchimp-form-70d0b7c\" method=\"POST\" data-list-id=\"def\" data-clear-fields=\"\" action=\"\">\n\t\t\t<!-- Form Header -->\n\t\t\t\t\t\t<div class=\"wpr-mailchimp-header\">\n\t\t\t\t\t\t\t\t<h3>\n\t\t\t\t\tSUBSCRIBE TO OUR NEWSLETTER\t\t\t\t<\/h3>\n\t\t\t\t<p>To be kept informed of Yoann's news<\/p>\n\t\t\t<\/div>\n\t\t\t\n\t\t\t<div class=\"wpr-mailchimp-fields\">\n\t\t\t\t<!-- Email Input -->\n\t\t\t\t<div class=\"wpr-mailchimp-email\">\n\t\t\t\t\t\t\t\t\t\t<input type=\"email\" name=\"wpr_mailchimp_email\" placeholder=\"example@mail.com\" required=\"required\">\n\t\t\t\t<\/div>\n\n\t\t\t\t<!-- Extra Fields -->\n\t\t\t\t\n\t\t\t\t<!-- Subscribe Button -->\n\t\t\t\t<div class=\"wpr-mailchimp-subscribe\">\n\t\t\t\t\t<button type=\"submit\" id=\"wpr-subscribe-70d0b7c\" class=\"wpr-mailchimp-subscribe-btn\" data-loading=\"En cours...\">\n\t\t\t\t  \t\tSubscribe\t\t\t\t\t<\/button>\n\t\t\t\t<\/div>\n\t\t\t<\/div>\n\n\t\t\t<!-- Success\/Error Message -->\n\t\t\t<div class=\"wpr-mailchimp-message\">\n\t\t\t\t<span class=\"wpr-mailchimp-success-message\">successful subsciption<\/span>\n\t\t\t\t<span class=\"wpr-mailchimp-error-message\">Ops! Something went wrong, please try again.<\/span>\n\t\t\t<\/div>\n\t\t<input type=\"hidden\" name=\"trp-form-language\" value=\"en\"\/><\/form>\n\n\t\t\t\t\t\t<\/div>\n\t\t\t\t<\/div>\n\t\t\t\t\t<\/div>\n\t\t<\/div>\n\t\t\t\t\t<\/div>\n\t\t<\/section>\n\t\t\t\t\t<\/div>\n\t\t<\/div>\n\t\t\t\t\t<\/div>\n\t\t<\/section>\n\t\t\t\t<\/div>","protected":false},"excerpt":{"rendered":"<p>SOUSCRIVEZ AU NEWSLETTER Afin d\u2019\u00eatre tenu inform\u00e9 des news de Yoann Souscrire Souscription r\u00e9ussie ! Ops! Quelque chose s&#039;est mal pass\u00e9e, Veuillez r\u00e9essayer svp.<\/p>","protected":false},"author":1,"featured_media":0,"parent":0,"menu_order":0,"comment_status":"closed","ping_status":"closed","template":"elementor_canvas","meta":{"footnotes":""},"class_list":["post-2533","page","type-page","status-publish","hentry"],"_links":{"self":[{"href":"https:\/\/yoanndosseynews.com\/en\/wp-json\/wp\/v2\/pages\/2533","targetHints":{"allow":["GET"]}}],"collection":[{"href":"https:\/\/yoanndosseynews.com\/en\/wp-json\/wp\/v2\/pages"}],"about":[{"href":"https:\/\/yoanndosseynews.com\/en\/wp-json\/wp\/v2\/types\/page"}],"author":[{"embeddable":true,"href":"https:\/\/yoanndosseynews.com\/en\/wp-json\/wp\/v2\/users\/1"}],"replies":[{"embeddable":true,"href":"https:\/\/yoanndosseynews.com\/en\/wp-json\/wp\/v2\/comments?post=2533"}],"version-history":[{"count":7,"href":"https:\/\/yoanndosseynews.com\/en\/wp-json\/wp\/v2\/pages\/2533\/revisions"}],"predecessor-version":[{"id":2541,"href":"https:\/\/yoanndosseynews.com\/en\/wp-json\/wp\/v2\/pages\/2533\/revisions\/2541"}],"wp:attachment":[{"href":"https:\/\/yoanndosseynews.com\/en\/wp-json\/wp\/v2\/media?parent=2533"}],"curies":[{"name":"wp","href":"https:\/\/api.w.org\/{rel}","templated":true}]}}