{"id":2643,"date":"2024-10-01T19:56:06","date_gmt":"2024-10-01T17:56:06","guid":{"rendered":"https:\/\/yoanndosseynews.com\/?page_id=2643"},"modified":"2024-10-01T19:56:06","modified_gmt":"2024-10-01T17:56:06","slug":"lactualite-du-foot","status":"publish","type":"page","link":"https:\/\/yoanndosseynews.com\/en\/lactualite-du-foot\/","title":{"rendered":"L&rsquo;Actualit\u00e9 du Foot"},"content":{"rendered":"<div data-elementor-type=\"wp-page\" data-elementor-id=\"2643\" class=\"elementor elementor-2643\">\n\t\t\t\t\t\t<section class=\"elementor-section elementor-top-section elementor-element elementor-element-dcd45f0 elementor-section-height-min-height elementor-section-boxed elementor-section-height-default elementor-section-items-middle wpr-particle-no wpr-jarallax-no wpr-parallax-no wpr-sticky-section-no\" data-id=\"dcd45f0\" data-element_type=\"section\" data-settings=\"{&quot;background_background&quot;:&quot;gradient&quot;}\">\n\t\t\t\t\t\t<div class=\"elementor-container elementor-column-gap-default\">\n\t\t\t\t\t<div class=\"elementor-column elementor-col-100 elementor-top-column elementor-element elementor-element-acab77b\" data-id=\"acab77b\" data-element_type=\"column\" data-settings=\"{&quot;background_background&quot;:&quot;gradient&quot;}\">\n\t\t\t<div class=\"elementor-widget-wrap elementor-element-populated\">\n\t\t\t\t\t\t<div class=\"elementor-element elementor-element-5cc6901 elementor-widget elementor-widget-wp-widget-rss\" data-id=\"5cc6901\" data-element_type=\"widget\" data-widget_type=\"wp-widget-rss.default\">\n\t\t\t\t<div class=\"elementor-widget-container\">\n\t\t\t\t\t<h5><a class=\"rsswidget rss-widget-feed\" href=\"https:\/\/rmcsport.bfmtv.com\/rss\/football\/\"><img decoding=\"async\" class=\"rss-widget-icon\" style=\"border:0\" width=\"14\" height=\"14\" src=\"https:\/\/yoanndosseynews.com\/wp-includes\/images\/rss.png\" alt=\"RSS\" \/><\/a> <a class=\"rsswidget rss-widget-title\" href=\"https:\/\/rmcsport.bfmtv.com\/football\/\">L&rsquo;Actualit\u00e9 du FOOT<\/a><\/h5><ul><li><a class='rsswidget' href='https:\/\/rmcsport.bfmtv.com\/football\/liga\/atletico-de-madrid_DN-202406110400.html'>Atl\u00e9tico de Madrid<\/a> <span class=\"rss-date\">29 April 2026<\/span><div class=\"rssSummary\">L&#039;Atl\u00e9tico de Madrid est un club espagnol fond\u00e9 en 1903, qui \u00e9volue en Liga. Ses couleurs sont le rouge et le blanc. Ses joueurs sont surnomm\u00e9s les Colchoneros. Le Fran\u00e7ais Antoine Griezmann est devenu le meilleur buteur de l&#039;histoire de l&#039;Atl\u00e9tico devant Luis Aragones, son joueur le plus cap\u00e9 est Koke. Le club a \u00e9t\u00e9 [&hellip;]<\/div><\/li><li><a class='rsswidget' href='https:\/\/rmcsport.bfmtv.com\/football\/antoine-griezmann_DN-202108310489.html'>Antoine Griezmann<\/a> <span class=\"rss-date\">29 April 2026<\/span><div class=\"rssSummary\">Antoine Griezmann, surnomm\u00e9 aussi \u00ab Grizi \u00bb ou \u00ab Grizou \u00bb est n\u00e9 le 21 mars 1991 \u00e0 M\u00e2con. Il est footballeur international fran\u00e7ais \u00e9voluant au poste d&#039;attaquant ou milieu offensif \u00e0 l&#039;Atl\u00e9tico de Madrid, en pr\u00eat du FC Barcelone. Pilier de l&#039;\u00e9quipe de France avec laquelle il a remport\u00e9 la Coupe du monde en [&hellip;]<\/div><\/li><li><a class='rsswidget' href='https:\/\/rmcsport.bfmtv.com\/football\/ligue-des-champions\/atletico-arsenal-beaucoup-d-emotions-pour-griezmann-apres-son-dernier-match-europeen-a-madrid_AV-202604290947.html'>Atl\u00e9tico-Arsenal: &quot;Beaucoup d&#039;\u00e9motions&quot; pour Griezmann apr\u00e8s son dernier match europ\u00e9en \u00e0 Madrid<\/a> <span class=\"rss-date\">29 April 2026<\/span><div class=\"rssSummary\">Tr\u00e8s en vue ce mercredi lors de la demi-finale aller de Ligue des champions entre l&#039;Atl\u00e9tico et Arsenal (1-1), Antoine Griezmann disputait son dernier match europ\u00e9en devant son public. Une soir\u00e9e riche en \u00e9motions pour le Fran\u00e7ais.<\/div><\/li><li><a class='rsswidget' href='https:\/\/rmcsport.bfmtv.com\/football\/ligue-des-champions\/video-atletico-madrid-1-1-arsenal-2-penaltys-2-buts-et-2-equipes-dos-a-dos-les-comms-rmc_VN-202604290934.html'>Atl\u00e9tico Madrid 1-1 Arsenal : 2 p\u00e9naltys, 2 buts et 2 \u00e9quipes dos \u00e0 dos\u2026 les comms RMC !<\/a> <span class=\"rss-date\">29 April 2026<\/span><div class=\"rssSummary\">L\u2019Atl\u00e9tico Madrid et Arsenal se sont neutralis\u00e9s au Metropolitano 1 but partout sur penalty. Rendez-vous dans 6 jours \u00e0 l\u2019Emirates Stadium pour savoir qui des Colchoneros ou des Gunners rejoindra la finale de la Ligue des Champions !<\/div><\/li><li><a class='rsswidget' href='https:\/\/rmcsport.bfmtv.com\/football\/ligue-des-champions\/direct-atletico-de-madrid-arsenal-suivez-l-autre-match-des-demi-finales-aller-de-ligue-des-champions-en-live_LS-202604290321.html'>Atl\u00e9tico de Madrid-Arsenal: deux penaltys et pas de vainqueur, tout se jouera au match retour !<\/a> <span class=\"rss-date\">29 April 2026<\/span><div class=\"rssSummary\">Pas de vainqueur ce soir en demi-finale aller de la Ligue des champions entre l&#039;Atl\u00e9tico de Madrid et Arsenal (1-1). Contrairement \u00e0 la demie d&#039;anthologie d&#039;hier soir, celle-ci s&#039;est r\u00e9sum\u00e9e par deux penaltys (Gyokeres et Alvarez) et deux blocs d\u00e9fensifs plut\u00f4t bien en place. Tout se jouera \u00e0 l&#039;Emirates Stadium dans 6 jours !<\/div><\/li><li><a class='rsswidget' href='https:\/\/rmcsport.bfmtv.com\/football\/coupe-du-monde\/coupe-du-monde-2026-la-delegation-iranienne-annule-sa-presence-au-congres-de-la-fifa-apres-des-insultes-a-l-aeroport-de-toronto_AV-202604290906.html'>Coupe du monde 2026: la d\u00e9l\u00e9gation iranienne annule sa pr\u00e9sence au congr\u00e8s de la Fifa apr\u00e8s des &quot;insultes&quot; \u00e0 l&#039;a\u00e9roport de Toronto<\/a> <span class=\"rss-date\">29 April 2026<\/span><div class=\"rssSummary\">Alors que plusieurs repr\u00e9sentants de la F\u00e9d\u00e9ration iranienne de football \u00e9taient attendus au Congr\u00e8s de la Fifa cette semaine au Canada, un incident \u00e0 l&#039;a\u00e9roport de Toronto a provoqu\u00e9 la col\u00e8re de la d\u00e9l\u00e9gation qui a pris le premier vol en direction de la Turquie. Ottawa a de son c\u00f4t\u00e9 d\u00e9clar\u00e9 que les Gardiens de [&hellip;]<\/div><\/li><li><a class='rsswidget' href='https:\/\/rmcsport.bfmtv.com\/football\/bayern-de-munich_DN-201307180413.html'>Bayern Munich<\/a> <span class=\"rss-date\">29 April 2026<\/span><div class=\"rssSummary\">Le FC Bayern Munich situ\u00e9 en Allemagne est un club de football participant \u00e0 des comp\u00e9titions nationales et internationales dont le palmar\u00e8s est l\u2019un des plus prestigieux d\u2019Europe. En 2013, le club bavarois a r\u00e9alis\u00e9 un tripl\u00e9 historique dans l&#039;histoire du sport Allemand : coupe, championnat et Champions League. Il a remport\u00e9 la Ligue des [&hellip;]<\/div><\/li><li><a class='rsswidget' href='https:\/\/rmcsport.bfmtv.com\/football\/ligue-des-champions\/psg-bayern-un-incident-sanglant-un-proche-d-upamecano-blesse-au-visage-au-parc-selon-la-presse-allemande_AV-202604290926.html'>PSG-Bayern: &quot;Un incident sanglant&quot;, un proche d&#039;Upamecano bless\u00e9 au visage au Parc, selon la presse allemande<\/a> <span class=\"rss-date\">29 April 2026<\/span><div class=\"rssSummary\">D&#039;apr\u00e8s le journal allemand Bild, un proche de Dayot Upamecano a \u00e9t\u00e9 bless\u00e9 ce mardi soir au Parc des Princes lors du match entre le PSG et le Bayern Munich en Ligue des champions (5-4) apr\u00e8s avoir re\u00e7u un projectile en plein visage.<\/div><\/li><li><a class='rsswidget' href='https:\/\/rmcsport.bfmtv.com\/football\/transferts\/mercato-dybala-rejoindra-un-geant-argentin-apres-la-coupe-du-monde-2026_AN-202604290925.html'>Mercato: Dybala rejoindra un g\u00e9ant argentin apr\u00e8s la Coupe du monde 2026<\/a> <span class=\"rss-date\">29 April 2026<\/span><div class=\"rssSummary\">Apr\u00e8s une longue aventure en Italie, Paulo Dybala quittera la Roma cet \u00e9t\u00e9 pour s&#039;engager avec Boca Juniors, selon les informations de ESPN.<\/div><\/li><li><a class='rsswidget' href='https:\/\/rmcsport.bfmtv.com\/football\/transferts\/direct-mercato-suivez-en-live-toutes-les-infos-et-rumeurs-du-27-avril-2026_LN-202604270238.html'>DIRECT. Mercato: Toulouse annonce le d\u00e9part de son entra\u00eeneur Carles Martinez Novell<\/a> <span class=\"rss-date\">29 April 2026<\/span><div class=\"rssSummary\">Dans la derni\u00e8re ligne droite de la saison 2025-2026 et \u00e0 quelques semaines de la Coupe du monde 2026, les clubs s&#039;activent en coulisses pour pr\u00e9parer le march\u00e9 des transferts estival. Ne manquez rien des informations et rumeurs sur le mercato sur le site et l&#039;appli RMC Sport.<\/div><\/li><\/ul>\t\t\t\t<\/div>\n\t\t\t\t<\/div>\n\t\t\t\t\t<\/div>\n\t\t<\/div>\n\t\t\t\t\t<\/div>\n\t\t<\/section>\n\t\t\t\t<section class=\"elementor-section elementor-top-section elementor-element elementor-element-ac9ee83 elementor-section-boxed elementor-section-height-default elementor-section-height-default wpr-particle-no wpr-jarallax-no wpr-parallax-no wpr-sticky-section-no\" data-id=\"ac9ee83\" data-element_type=\"section\" data-settings=\"{&quot;background_background&quot;:&quot;classic&quot;}\">\n\t\t\t\t\t\t<div class=\"elementor-container elementor-column-gap-default\">\n\t\t\t\t\t<div class=\"elementor-column elementor-col-100 elementor-top-column elementor-element elementor-element-adf57eb\" data-id=\"adf57eb\" data-element_type=\"column\" data-settings=\"{&quot;background_background&quot;:&quot;classic&quot;}\">\n\t\t\t<div class=\"elementor-widget-wrap elementor-element-populated\">\n\t\t\t\t\t<div class=\"elementor-background-overlay\"><\/div>\n\t\t\t\t\t\t<section class=\"elementor-section elementor-inner-section elementor-element elementor-element-d2db07a elementor-section-boxed elementor-section-height-default elementor-section-height-default wpr-particle-no wpr-jarallax-no wpr-parallax-no wpr-sticky-section-no\" data-id=\"d2db07a\" data-element_type=\"section\">\n\t\t\t\t\t\t<div class=\"elementor-container elementor-column-gap-default\">\n\t\t\t\t\t<div class=\"elementor-column elementor-col-100 elementor-inner-column elementor-element elementor-element-455b607\" data-id=\"455b607\" data-element_type=\"column\">\n\t\t\t<div class=\"elementor-widget-wrap elementor-element-populated\">\n\t\t\t\t\t\t<div class=\"elementor-element elementor-element-70d0b7c wpr-mailchimp-layout-hr elementor-widget elementor-widget-wpr-mailchimp\" data-id=\"70d0b7c\" data-element_type=\"widget\" data-widget_type=\"wpr-mailchimp.default\">\n\t\t\t\t<div class=\"elementor-widget-container\">\n\t\t\t\t\t\n\t\t<form class=\"wpr-mailchimp-form\" id=\"wpr-mailchimp-form-70d0b7c\" method=\"POST\" data-list-id=\"def\" data-clear-fields=\"\" action=\"\">\n\t\t\t<!-- Form Header -->\n\t\t\t\t\t\t<div class=\"wpr-mailchimp-header\">\n\t\t\t\t\t\t\t\t<h3>\n\t\t\t\t\tSUBSCRIBE TO OUR NEWSLETTER\t\t\t\t<\/h3>\n\t\t\t\t<p>To be kept informed of Yoann's news<\/p>\n\t\t\t<\/div>\n\t\t\t\n\t\t\t<div class=\"wpr-mailchimp-fields\">\n\t\t\t\t<!-- Email Input -->\n\t\t\t\t<div class=\"wpr-mailchimp-email\">\n\t\t\t\t\t\t\t\t\t\t<input type=\"email\" name=\"wpr_mailchimp_email\" placeholder=\"example@mail.com\" required=\"required\">\n\t\t\t\t<\/div>\n\n\t\t\t\t<!-- Extra Fields -->\n\t\t\t\t\n\t\t\t\t<!-- Subscribe Button -->\n\t\t\t\t<div class=\"wpr-mailchimp-subscribe\">\n\t\t\t\t\t<button type=\"submit\" id=\"wpr-subscribe-70d0b7c\" class=\"wpr-mailchimp-subscribe-btn\" data-loading=\"En cours...\">\n\t\t\t\t  \t\tSubscribe\t\t\t\t\t<\/button>\n\t\t\t\t<\/div>\n\t\t\t<\/div>\n\n\t\t\t<!-- Success\/Error Message -->\n\t\t\t<div class=\"wpr-mailchimp-message\">\n\t\t\t\t<span class=\"wpr-mailchimp-success-message\">successful subsciption<\/span>\n\t\t\t\t<span class=\"wpr-mailchimp-error-message\">Ops! Something went wrong, please try again.<\/span>\n\t\t\t<\/div>\n\t\t<input type=\"hidden\" name=\"trp-form-language\" value=\"en\"\/><\/form>\n\n\t\t\t\t\t\t<\/div>\n\t\t\t\t<\/div>\n\t\t\t\t\t<\/div>\n\t\t<\/div>\n\t\t\t\t\t<\/div>\n\t\t<\/section>\n\t\t\t\t\t<\/div>\n\t\t<\/div>\n\t\t\t\t\t<\/div>\n\t\t<\/section>\n\t\t\t\t<\/div>","protected":false},"excerpt":{"rendered":"<p>SOUSCRIVEZ AU NEWSLETTER Afin d\u2019\u00eatre tenu inform\u00e9 des news de Yoann Souscrire Souscription r\u00e9ussie ! Ops! Quelque chose s&#039;est mal pass\u00e9e, Veuillez r\u00e9essayer svp.<\/p>","protected":false},"author":1,"featured_media":0,"parent":0,"menu_order":0,"comment_status":"closed","ping_status":"closed","template":"elementor_canvas","meta":{"footnotes":""},"class_list":["post-2643","page","type-page","status-publish","hentry"],"_links":{"self":[{"href":"https:\/\/yoanndosseynews.com\/en\/wp-json\/wp\/v2\/pages\/2643","targetHints":{"allow":["GET"]}}],"collection":[{"href":"https:\/\/yoanndosseynews.com\/en\/wp-json\/wp\/v2\/pages"}],"about":[{"href":"https:\/\/yoanndosseynews.com\/en\/wp-json\/wp\/v2\/types\/page"}],"author":[{"embeddable":true,"href":"https:\/\/yoanndosseynews.com\/en\/wp-json\/wp\/v2\/users\/1"}],"replies":[{"embeddable":true,"href":"https:\/\/yoanndosseynews.com\/en\/wp-json\/wp\/v2\/comments?post=2643"}],"version-history":[{"count":1,"href":"https:\/\/yoanndosseynews.com\/en\/wp-json\/wp\/v2\/pages\/2643\/revisions"}],"predecessor-version":[{"id":2644,"href":"https:\/\/yoanndosseynews.com\/en\/wp-json\/wp\/v2\/pages\/2643\/revisions\/2644"}],"wp:attachment":[{"href":"https:\/\/yoanndosseynews.com\/en\/wp-json\/wp\/v2\/media?parent=2643"}],"curies":[{"name":"wp","href":"https:\/\/api.w.org\/{rel}","templated":true}]}}