{"id":2665,"date":"2024-11-08T15:36:39","date_gmt":"2024-11-08T14:36:39","guid":{"rendered":"https:\/\/yoanndosseynews.com\/?page_id=2665"},"modified":"2024-11-08T15:38:38","modified_gmt":"2024-11-08T14:38:38","slug":"actu_25","status":"publish","type":"page","link":"https:\/\/yoanndosseynews.com\/en\/actu_25\/","title":{"rendered":"Actu_26"},"content":{"rendered":"<div data-elementor-type=\"wp-page\" data-elementor-id=\"2665\" class=\"elementor elementor-2665\">\n\t\t\t\t\t\t<section class=\"elementor-section elementor-top-section elementor-element elementor-element-3b3011f elementor-section-height-min-height elementor-section-boxed elementor-section-height-default elementor-section-items-middle wpr-particle-no wpr-jarallax-no wpr-parallax-no wpr-sticky-section-no\" data-id=\"3b3011f\" data-element_type=\"section\" data-settings=\"{&quot;background_background&quot;:&quot;gradient&quot;,&quot;background_motion_fx_motion_fx_scrolling&quot;:&quot;yes&quot;,&quot;background_motion_fx_opacity_effect&quot;:&quot;yes&quot;,&quot;background_motion_fx_opacity_level&quot;:{&quot;unit&quot;:&quot;px&quot;,&quot;size&quot;:3.7000000000000002,&quot;sizes&quot;:[]},&quot;background_motion_fx_opacity_range&quot;:{&quot;unit&quot;:&quot;%&quot;,&quot;size&quot;:&quot;&quot;,&quot;sizes&quot;:{&quot;start&quot;:24,&quot;end&quot;:80}},&quot;background_motion_fx_opacity_direction&quot;:&quot;out-in&quot;,&quot;background_motion_fx_devices&quot;:[&quot;desktop&quot;,&quot;tablet&quot;,&quot;mobile&quot;]}\">\n\t\t\t\t\t\t\t<div class=\"elementor-background-overlay\"><\/div>\n\t\t\t\t\t\t\t<div class=\"elementor-container elementor-column-gap-default\">\n\t\t\t\t\t<div class=\"elementor-column elementor-col-100 elementor-top-column elementor-element elementor-element-28f35e0\" data-id=\"28f35e0\" data-element_type=\"column\">\n\t\t\t<div class=\"elementor-widget-wrap elementor-element-populated\">\n\t\t\t\t\t\t<div class=\"elementor-element elementor-element-ebb8e55 elementor-widget elementor-widget-heading\" data-id=\"ebb8e55\" data-element_type=\"widget\" data-widget_type=\"heading.default\">\n\t\t\t\t<div class=\"elementor-widget-container\">\n\t\t\t\t\t<h2 class=\"elementor-heading-title elementor-size-default\">D3A : Monceau-Ch\u00e2telet se fait peur mais ouvre sa saison par une victoire contre Perwez (60 PHOTOS et VIDEOS) <\/h2>\t\t\t\t<\/div>\n\t\t\t\t<\/div>\n\t\t\t\t\t<\/div>\n\t\t<\/div>\n\t\t\t\t\t<\/div>\n\t\t<\/section>\n\t\t\t\t<section class=\"elementor-section elementor-top-section elementor-element elementor-element-66dfb08 elementor-section-boxed elementor-section-height-default elementor-section-height-default wpr-particle-no wpr-jarallax-no wpr-parallax-no wpr-sticky-section-no\" data-id=\"66dfb08\" data-element_type=\"section\">\n\t\t\t\t\t\t<div class=\"elementor-container elementor-column-gap-default\">\n\t\t\t\t\t<div class=\"elementor-column elementor-col-50 elementor-top-column elementor-element elementor-element-93b6eed\" data-id=\"93b6eed\" data-element_type=\"column\">\n\t\t\t<div class=\"elementor-widget-wrap elementor-element-populated\">\n\t\t\t\t\t\t<div class=\"elementor-element elementor-element-9f8aefe elementor-widget elementor-widget-text-editor\" data-id=\"9f8aefe\" data-element_type=\"widget\" data-widget_type=\"text-editor.default\">\n\t\t\t\t<div class=\"elementor-widget-container\">\n\t\t\t\t\t\t\t\t\t<p>Malgr\u00e9 un deuxi\u00e8me acte qui d\u00e9montre tout le travail qui reste \u00e0 Michel Dufour pour mener son \u00e9quipe vers le top 5, les Moncellois ont assur\u00e9 l\u2019essentiel contre Perwez ce dimanche.<\/p><p>\u00a0<\/p>\t\t\t\t\t\t\t\t<\/div>\n\t\t\t\t<\/div>\n\t\t\t\t<div class=\"elementor-element elementor-element-8285f04 elementor-widget elementor-widget-text-editor\" data-id=\"8285f04\" data-element_type=\"widget\" data-widget_type=\"text-editor.default\">\n\t\t\t\t<div class=\"elementor-widget-container\">\n\t\t\t\t\t\t\t\t\t<p style=\"text-align: right;\"><a href=\"https:\/\/www.sudinfo.be\/id877549\/article\/2024-09-06\/d3a-dossey-et-perwez-travaillent-pour-provoquer-le-destin-une-fois-que-nous\">Source: SUDINFO.SPORT<\/a><\/p>\t\t\t\t\t\t\t\t<\/div>\n\t\t\t\t<\/div>\n\t\t\t\t\t<\/div>\n\t\t<\/div>\n\t\t\t\t<div class=\"elementor-column elementor-col-50 elementor-top-column elementor-element elementor-element-2656cd1\" data-id=\"2656cd1\" data-element_type=\"column\">\n\t\t\t<div class=\"elementor-widget-wrap elementor-element-populated\">\n\t\t\t\t\t\t<div class=\"elementor-element elementor-element-6d762b1 elementor-widget elementor-widget-image\" data-id=\"6d762b1\" data-element_type=\"widget\" data-widget_type=\"image.default\">\n\t\t\t\t<div class=\"elementor-widget-container\">\n\t\t\t\t\t\t\t\t\t\t\t\t\t\t\t\t<a href=\"https:\/\/www.sudinfo.be\/id877549\/article\/2024-09-06\/d3a-dossey-et-perwez-travaillent-pour-provoquer-le-destin-une-fois-que-nous\">\n\t\t\t\t\t\t\t<img fetchpriority=\"high\" decoding=\"async\" width=\"864\" height=\"486\" src=\"https:\/\/yoanndosseynews.com\/wp-content\/uploads\/2024\/10\/yoann9.jpeg\" class=\"attachment-large size-large wp-image-2616\" alt=\"\" srcset=\"https:\/\/yoanndosseynews.com\/wp-content\/uploads\/2024\/10\/yoann9.jpeg 864w, https:\/\/yoanndosseynews.com\/wp-content\/uploads\/2024\/10\/yoann9-300x169.jpeg 300w, https:\/\/yoanndosseynews.com\/wp-content\/uploads\/2024\/10\/yoann9-768x432.jpeg 768w, https:\/\/yoanndosseynews.com\/wp-content\/uploads\/2024\/10\/yoann9-600x338.jpeg 600w\" sizes=\"(max-width: 864px) 100vw, 864px\" \/>\t\t\t\t\t\t\t\t<\/a>\n\t\t\t\t\t\t\t\t\t\t\t\t\t\t\t<\/div>\n\t\t\t\t<\/div>\n\t\t\t\t\t<\/div>\n\t\t<\/div>\n\t\t\t\t\t<\/div>\n\t\t<\/section>\n\t\t\t\t<\/div>","protected":false},"excerpt":{"rendered":"<p>D3A : Monceau-Ch\u00e2telet se fait peur mais ouvre sa saison par une victoire contre Perwez (60 PHOTOS et VIDEOS) Malgr\u00e9 un deuxi\u00e8me acte qui d\u00e9montre tout le travail qui reste \u00e0 Michel Dufour pour mener son \u00e9quipe vers le top 5, les Moncellois ont assur\u00e9 l\u2019essentiel contre Perwez ce dimanche. \u00a0 Source: SUDINFO.SPORT<\/p>","protected":false},"author":1,"featured_media":0,"parent":0,"menu_order":0,"comment_status":"closed","ping_status":"closed","template":"elementor_canvas","meta":{"footnotes":""},"class_list":["post-2665","page","type-page","status-publish","hentry"],"_links":{"self":[{"href":"https:\/\/yoanndosseynews.com\/en\/wp-json\/wp\/v2\/pages\/2665","targetHints":{"allow":["GET"]}}],"collection":[{"href":"https:\/\/yoanndosseynews.com\/en\/wp-json\/wp\/v2\/pages"}],"about":[{"href":"https:\/\/yoanndosseynews.com\/en\/wp-json\/wp\/v2\/types\/page"}],"author":[{"embeddable":true,"href":"https:\/\/yoanndosseynews.com\/en\/wp-json\/wp\/v2\/users\/1"}],"replies":[{"embeddable":true,"href":"https:\/\/yoanndosseynews.com\/en\/wp-json\/wp\/v2\/comments?post=2665"}],"version-history":[{"count":2,"href":"https:\/\/yoanndosseynews.com\/en\/wp-json\/wp\/v2\/pages\/2665\/revisions"}],"predecessor-version":[{"id":2668,"href":"https:\/\/yoanndosseynews.com\/en\/wp-json\/wp\/v2\/pages\/2665\/revisions\/2668"}],"wp:attachment":[{"href":"https:\/\/yoanndosseynews.com\/en\/wp-json\/wp\/v2\/media?parent=2665"}],"curies":[{"name":"wp","href":"https:\/\/api.w.org\/{rel}","templated":true}]}}